{"id":2147,"date":"2016-06-02T20:39:15","date_gmt":"2016-06-02T18:39:15","guid":{"rendered":"http:\/\/welle.be\/prod\/?page_id=2147"},"modified":"2016-06-02T20:50:17","modified_gmt":"2016-06-02T18:50:17","slug":"tips-voor-ouders","status":"publish","type":"page","link":"https:\/\/welle.be\/prod\/tips-voor-ouders\/","title":{"rendered":"tips-voor-ouders"},"content":{"rendered":"<p>Nieuw : 7 informatieve filmpjes voor ouders met schoolgaande kinderen in Denderleeuw<\/p>\n<p>Onze school heeft in samenwerking met de gemeente en de 4 andere basisscholen van Denderleeuw 7 filmpjes gemaakt. Deze filmpjes zijn bedoeld voor ouders en geven meer uitleg over \u2018Schoolgaan in Denderleeuw\u2019.<\/p>\n<p>Door het bekijken van deze filmpjes krijg je als ouder een pak informatie. Je komt meer te weten over welke inspanningen de school allemaal levert voor jouw kind \u00e9n je krijgt ook heel duidelijke informatie over wat de school van jou als ouder verwacht. Deze filmpjes zijn \u00e9\u00e9n van de vele inspanningen die onze school levert om een goede samenwerking met ouders te bekomen. <\/p>\n<p>Het zijn 7 mooie filmpjes, allemaal gefilmd op de Denderleeuwse basisscholen. In de filmpjes zie je leerlingen, leerkrachten, directies en ouders uit Denderleeuw aan het woord.<\/p>\n<p>Hieronder kan je doorklikken naar de verschillende filmpjes:<\/p>\n<p>Oudercontact<br \/>\n<iframe loading=\"lazy\" width=\"560\" height=\"315\" src=\"https:\/\/www.youtube.com\/embed\/iLtIooubU-Q\" frameborder=\"0\" allowfullscreen><\/iframe><\/p>\n<p>Zorg en begeleiding op school<br \/>\n<iframe loading=\"lazy\" width=\"560\" height=\"315\" src=\"https:\/\/www.youtube.com\/embed\/nejxX16wGe0\" frameborder=\"0\" allowfullscreen><\/iframe><\/p>\n<p>Aanwezigheid<br \/>\n<iframe loading=\"lazy\" width=\"560\" height=\"315\" src=\"https:\/\/www.youtube.com\/embed\/8q1SahxYFDw\" frameborder=\"0\" allowfullscreen><\/iframe><\/p>\n<p>Huiswerk<br \/>\n<iframe loading=\"lazy\" width=\"560\" height=\"315\" src=\"https:\/\/www.youtube.com\/embed\/mXnc-ho00YU\" frameborder=\"0\" allowfullscreen><\/iframe><\/p>\n<p>Taal<br \/>\n<iframe loading=\"lazy\" width=\"560\" height=\"315\" src=\"https:\/\/www.youtube.com\/embed\/0zpX0s2nJuU\" frameborder=\"0\" allowfullscreen><\/iframe><\/p>\n<p>Schoolkosten<br \/>\n<iframe loading=\"lazy\" width=\"560\" height=\"315\" src=\"https:\/\/www.youtube.com\/embed\/pHqSoqHfx5I\" frameborder=\"0\" allowfullscreen><\/iframe><\/p>\n<p>Veilige schoolomgeving<br \/>\n<iframe loading=\"lazy\" width=\"560\" height=\"315\" src=\"https:\/\/www.youtube.com\/embed\/0XwPChv6SmQ\" frameborder=\"0\" allowfullscreen><\/iframe><\/p>\n","protected":false},"excerpt":{"rendered":"<p>Nieuw : 7 informatieve filmpjes voor ouders met schoolgaande kinderen in Denderleeuw Onze school heeft in samenwerking met de gemeente en de 4 andere basisscholen van Denderleeuw 7 filmpjes gemaakt. Deze filmpjes zijn bedoeld voor ouders en geven meer uitleg over \u2018Schoolgaan in Denderleeuw\u2019. Door het bekijken van deze filmpjes krijg je als ouder een <a href=\"https:\/\/welle.be\/prod\/tips-voor-ouders\/\">[&#8230;]<\/a><\/p>\n","protected":false},"author":1,"featured_media":0,"parent":0,"menu_order":0,"comment_status":"closed","ping_status":"closed","template":"","meta":{"footnotes":""},"class_list":["post-2147","page","type-page","status-publish","hentry"],"_links":{"self":[{"href":"https:\/\/welle.be\/prod\/wp-json\/wp\/v2\/pages\/2147","targetHints":{"allow":["GET"]}}],"collection":[{"href":"https:\/\/welle.be\/prod\/wp-json\/wp\/v2\/pages"}],"about":[{"href":"https:\/\/welle.be\/prod\/wp-json\/wp\/v2\/types\/page"}],"author":[{"embeddable":true,"href":"https:\/\/welle.be\/prod\/wp-json\/wp\/v2\/users\/1"}],"replies":[{"embeddable":true,"href":"https:\/\/welle.be\/prod\/wp-json\/wp\/v2\/comments?post=2147"}],"version-history":[{"count":5,"href":"https:\/\/welle.be\/prod\/wp-json\/wp\/v2\/pages\/2147\/revisions"}],"predecessor-version":[{"id":2154,"href":"https:\/\/welle.be\/prod\/wp-json\/wp\/v2\/pages\/2147\/revisions\/2154"}],"wp:attachment":[{"href":"https:\/\/welle.be\/prod\/wp-json\/wp\/v2\/media?parent=2147"}],"curies":[{"name":"wp","href":"https:\/\/api.w.org\/{rel}","templated":true}]}}