{"id":4074,"date":"2018-08-19T19:35:21","date_gmt":"2018-08-19T17:35:21","guid":{"rendered":"http:\/\/welle.be\/prod\/?page_id=4074"},"modified":"2025-09-22T11:17:37","modified_gmt":"2025-09-22T09:17:37","slug":"ouderraad","status":"publish","type":"page","link":"https:\/\/welle.be\/prod\/ouderraad\/","title":{"rendered":"Ouderraad"},"content":{"rendered":"<h3>Waarom een ouderraad?<\/h3>\n<p>De ouderraad is een groep enthousiaste ouders die graag op \u00e9\u00e9n of andere manier betrokken zijn bij school. We komen regelmatig samen om van gedachten te wisselen, om idee\u00ebn te bespreken, activiteiten uit te werken, vragen te stellen aan de school, enz. En dit alles met 1 ding voor ogen : een zo fijn mogelijk klimaat cre\u00ebren op school voor onze kinderen. Dit doen we uiteraard in nauwe samenwerking met de directie en leerkrachten.<\/p>\n<h3><\/h3>\n<h3>Wat doen we dan precies?<\/h3>\n<ul>\n<li>We organiseren elk schooljaar een heel aantal <b>activiteiten om de school financieel te steunen<\/b>, zoals bvb lampionnentocht, rommelmarkt, enz.<\/li>\n<li>We willen graag de <b>stem van de ouders naar de school<\/b> zijn, een tussenschakel tussen ouders en school. Dit kan via onze vergaderingen. Bovendien zijn we ook vertegenwoordigd in de schoolraad, waarin we een adviserende stem hebben.<\/li>\n<li>We geven <b>informatie<\/b> door aan ouders, via social media.<\/li>\n<\/ul>\n<h3>Wie kan lid worden van de ouderraad?<\/h3>\n<p>Elke ouder van een leerling op school kan aansluiten. Hoe meer zielen, hoe meer vreugd! Iedereen is altijd van harte welkom op onze vergaderingen. Die gaan door in de turnzaal van de school, telkens met een glaasje en wat lekkers. Momenteel hebben we 25 leden in de ouderraad.<\/p>\n<h3>Hoe kan je als ouder mee betrokken zijn?<\/h3>\n<p>Hoe je je betrokkenheid invult, bepaal je helemaal zelf. De ene kan zich al wat meer engageren dan de andere.<br \/>\nWat kan je zoal doen:<\/p>\n<ul>\n<li>naar de activiteiten van de ouderraad komen (en zo de school mee financieel steunen), of je mening geven via <a href=\"mailto:ouderraad.vbswelle@gmail.com\">mail<\/a> of onze brievenbus.<\/li>\n<li>als doe-ouder mee helpen op (enkele van) onze activiteiten. We kunnen altijd helpende handen gebruiken!<\/li>\n<li>naar de vergadering van de ouderraad komen en daar mee nadenken en discussi\u00ebren over onze werking en alle dingen die onze kinderen aanbelangen.<\/li>\n<li>mee werken in een werkgroep van de ouderraad. Er zijn verschillende werkgroepen die rond een bepaald thema werken. Elke activiteit die we organiseren wordt ook voorbereid en uitgewerkt in een werkgroep.<\/li>\n<\/ul>\n","protected":false},"excerpt":{"rendered":"<p>Waarom een ouderraad? De ouderraad is een groep enthousiaste ouders die graag op \u00e9\u00e9n of andere manier betrokken zijn bij school. We komen regelmatig samen om van gedachten te wisselen, om idee\u00ebn te bespreken, activiteiten uit te werken, vragen te stellen aan de school, enz. En dit alles met 1 ding voor ogen : een <a href=\"https:\/\/welle.be\/prod\/ouderraad\/\">[&#8230;]<\/a><\/p>\n","protected":false},"author":1,"featured_media":0,"parent":0,"menu_order":0,"comment_status":"closed","ping_status":"closed","template":"","meta":{"footnotes":""},"class_list":["post-4074","page","type-page","status-publish","hentry"],"_links":{"self":[{"href":"https:\/\/welle.be\/prod\/wp-json\/wp\/v2\/pages\/4074","targetHints":{"allow":["GET"]}}],"collection":[{"href":"https:\/\/welle.be\/prod\/wp-json\/wp\/v2\/pages"}],"about":[{"href":"https:\/\/welle.be\/prod\/wp-json\/wp\/v2\/types\/page"}],"author":[{"embeddable":true,"href":"https:\/\/welle.be\/prod\/wp-json\/wp\/v2\/users\/1"}],"replies":[{"embeddable":true,"href":"https:\/\/welle.be\/prod\/wp-json\/wp\/v2\/comments?post=4074"}],"version-history":[{"count":14,"href":"https:\/\/welle.be\/prod\/wp-json\/wp\/v2\/pages\/4074\/revisions"}],"predecessor-version":[{"id":6562,"href":"https:\/\/welle.be\/prod\/wp-json\/wp\/v2\/pages\/4074\/revisions\/6562"}],"wp:attachment":[{"href":"https:\/\/welle.be\/prod\/wp-json\/wp\/v2\/media?parent=4074"}],"curies":[{"name":"wp","href":"https:\/\/api.w.org\/{rel}","templated":true}]}}